{"id":9,"date":"2024-04-03T11:33:57","date_gmt":"2024-04-03T11:33:57","guid":{"rendered":"https:\/\/radicaloffice.es\/?page_id=9"},"modified":"2025-12-13T12:31:37","modified_gmt":"2025-12-13T12:31:37","slug":"mantenimiento-de-sistemas","status":"publish","type":"page","link":"https:\/\/radicaloffice.es\/?page_id=9","title":{"rendered":"Mantenimiento de sistemas"},"content":{"rendered":"\t\t<div data-elementor-type=\"wp-post\" data-elementor-id=\"9\" class=\"elementor elementor-9\">\n\t\t\t\t<div class=\"elementor-element elementor-element-76c490e e-flex e-con-boxed wpr-particle-no wpr-jarallax-no wpr-parallax-no wpr-sticky-section-no e-con e-parent\" data-id=\"76c490e\" data-element_type=\"container\">\n\t\t\t\t\t<div class=\"e-con-inner\">\n\t\t\t\t<div class=\"elementor-element elementor-element-55b43ee elementor-widget elementor-widget-text-editor\" data-id=\"55b43ee\" data-element_type=\"widget\" data-widget_type=\"text-editor.default\">\n\t\t\t\t<div class=\"elementor-widget-container\">\n\t\t\t\t\t\t\t\t\t<header class=\"entry-header \" style=\"color: rgb(51, 51, 51); font-family: &quot;Source Sans Pro&quot;, Arial, sans-serif; font-size: 15px;\"><div class=\"entry-header-inner\"><h1 class=\"entry-title\" style=\"margin-top: 0px; margin-bottom: 0.3125em; font-size: 2.48832em; color: rgb(48, 49, 51); line-height: 1.5; text-rendering: optimizelegibility; overflow-wrap: break-word;\">Mantenimiento de sistemas<\/h1><\/div><\/header><div class=\"post-entry tc-content-inner\" style=\"color: rgb(119, 119, 119); max-width: 100%; font-family: &quot;Source Sans Pro&quot;, Arial, sans-serif; font-size: 15px;\"><section class=\"post-content entry-content \" style=\"counter-reset: footnotes 0; color: rgb(68, 68, 68); font-size: 1.2em; line-height: 1.55em; margin: 0px 0px 2em;\"><div class=\"czr-wp-the-content\"><p style=\"margin-top: 1.25em; margin-bottom: 1rem; overflow-wrap: break-word;\">Nuestro servicio de mantenimiento inform\u00e1tico para&nbsp;empresas se basa en la&nbsp;agilidad&nbsp;en la atenci\u00f3n a los usuarios, as\u00ed como el compromiso en los niveles de atenci\u00f3n y resoluci\u00f3n. Siempre seg\u00fan los requisitos de cada cliente y un fuerte compromiso con&nbsp;la calidad de servicio.<\/p><p style=\"margin-top: 1.25em; margin-bottom: 1rem; overflow-wrap: break-word;\">Nuestro reto es conseguir una alta calidad y la mayor satisfacci\u00f3n posible en el servicio inform\u00e1tico prestado.&nbsp; Apostamos por nuestra metodolog\u00eda de trabajo, nuestro grupo de soporte y su sistema de gesti\u00f3n de incidencias. Nos diferenciamos por nuestro equipo de t\u00e9cnicos, todos ellos con alta y demostrada experiencia.<\/p><p style=\"margin-top: 1.25em; margin-bottom: 1rem; overflow-wrap: break-word;\">Nuestro mantenimiento inform\u00e1tico&nbsp;est\u00e1 dirigido a cualquier empresa, sin importar tama\u00f1o o sector. Radical Office ofrece un mantenimiento integral a un precio muy competitivo. Nos esforzamos en presentar una oferta de contrato personalizada:&nbsp; objetivos de resoluci\u00f3n inmediata, horario de atenci\u00f3n, t\u00e9cnicos in situ, integraci\u00f3n con equipo interno de la empresa, etc\u2026<\/p><h3 class=\"wp-block-heading\" style=\"margin-top: 1.25em; margin-bottom: 0.5rem; font-size: 1.6em; color: rgb(48, 49, 51); line-height: 1.25em; text-rendering: optimizelegibility;\">Asistencia ilimitada<\/h3><p style=\"margin-top: 1.25em; margin-bottom: 1rem; overflow-wrap: break-word;\"><span style=\"font-weight: 700;\">Asistencias y visitas ilimitadas<\/span>, tanto en mantenimiento inform\u00e1tico remoto como presencial, sin l\u00edmite de horas en tareas resolutivas. Facturaci\u00f3n mensual tipo tarifa plana con&nbsp;<span style=\"font-weight: 700;\">cuota fija&nbsp;sin compromiso de permanencia<\/span><\/p><h3 class=\"wp-block-heading\" style=\"margin-top: 1.25em; margin-bottom: 0.5rem; font-size: 1.6em; color: rgb(48, 49, 51); line-height: 1.25em; text-rendering: optimizelegibility;\">Centro de ayuda a usuarios<\/h3><p style=\"margin-top: 1.25em; margin-bottom: 1rem; overflow-wrap: break-word;\">Helpdesk<span style=\"font-weight: 700;\">,&nbsp;<\/span>&nbsp;formado por un grupo de t\u00e9cnicos con experiencia en mantenimiento inform\u00e1tico y asistencias. Ellos forman la primera l\u00ednea del equipo de soporte remoto y telef\u00f3nico. De esta forma, desde este call center damos una mayor rapidez en la atenci\u00f3n de las incidencias. Y tambi\u00e9n a su escalado, mediante una \u00e1gil asignaci\u00f3n a los diferentes equipos t\u00e9cnicos (micro inform\u00e1tica, redes seguridad)<\/p><h3 class=\"wp-block-heading\" style=\"margin-top: 1.25em; margin-bottom: 0.5rem; font-size: 1.6em; color: rgb(48, 49, 51); line-height: 1.25em; text-rendering: optimizelegibility;\">Alta orientaci\u00f3n al cliente<\/h3><p style=\"margin-top: 1.25em; margin-bottom: 1rem; overflow-wrap: break-word;\">Nuestro objetivo no es solo dar un buen mantenimiento inform\u00e1tico de calidad, sino tambi\u00e9n dar valor adicional a nuestros clientes. Nuestra empresa tiene su \u00e9xito gracias a nuestra gran&nbsp;<span style=\"font-weight: 700;\">experiencia y conocimiento<\/span>&nbsp;para ofrecer servicio inform\u00e1tico.<\/p><p style=\"margin-top: 1.25em; margin-bottom: 1rem; overflow-wrap: break-word;\">Liderazgo y responsabilidad en cada departamento: direcci\u00f3n y organizaci\u00f3n, helpdesk, sistemas inform\u00e1ticos y seguridad TI.<\/p><\/div><\/section><\/div>\t\t\t\t\t\t\t\t<\/div>\n\t\t\t\t<\/div>\n\t\t\t\t\t<\/div>\n\t\t\t\t<\/div>\n\t\t\t\t<\/div>\n\t\t","protected":false},"excerpt":{"rendered":"<p>Mantenimiento de sistemas Nuestro servicio de mantenimiento inform\u00e1tico para&nbsp;empresas se basa en la&nbsp;agilidad&nbsp;en la atenci\u00f3n a los usuarios, as\u00ed como el compromiso en los niveles de atenci\u00f3n y resoluci\u00f3n. Siempre seg\u00fan los requisitos de cada cliente y un fuerte compromiso con&nbsp;la calidad de servicio. Nuestro reto es conseguir una alta calidad y la mayor satisfacci\u00f3n posible en el servicio inform\u00e1tico prestado.&nbsp; Apostamos por nuestra metodolog\u00eda de trabajo, nuestro grupo de soporte y su sistema de gesti\u00f3n de incidencias. Nos diferenciamos por nuestro equipo de t\u00e9cnicos, todos ellos con alta y demostrada experiencia. Nuestro mantenimiento inform\u00e1tico&nbsp;est\u00e1 dirigido a cualquier empresa, sin importar tama\u00f1o o sector. Radical Office ofrece un mantenimiento integral a un precio muy competitivo. Nos esforzamos en presentar una oferta de contrato personalizada:&nbsp; objetivos de resoluci\u00f3n inmediata, horario de atenci\u00f3n, t\u00e9cnicos in situ, integraci\u00f3n con equipo interno de la empresa, etc\u2026 Asistencia ilimitada Asistencias y visitas ilimitadas, tanto en mantenimiento inform\u00e1tico remoto como presencial, sin l\u00edmite de horas en tareas resolutivas. Facturaci\u00f3n mensual tipo tarifa plana con&nbsp;cuota fija&nbsp;sin compromiso de permanencia Centro de ayuda a usuarios Helpdesk,&nbsp;&nbsp;formado por un grupo de t\u00e9cnicos con experiencia en mantenimiento inform\u00e1tico y asistencias. Ellos forman la primera l\u00ednea del equipo de soporte remoto y telef\u00f3nico. De esta forma, desde este call center damos una mayor rapidez en la atenci\u00f3n de las incidencias. Y tambi\u00e9n a su escalado, mediante una \u00e1gil asignaci\u00f3n a los diferentes equipos t\u00e9cnicos (micro inform\u00e1tica, redes seguridad) Alta orientaci\u00f3n al cliente Nuestro objetivo no es solo dar un buen mantenimiento inform\u00e1tico de calidad, sino tambi\u00e9n dar valor adicional a nuestros clientes. Nuestra empresa tiene su \u00e9xito gracias a nuestra gran&nbsp;experiencia y conocimiento&nbsp;para ofrecer servicio inform\u00e1tico. Liderazgo y responsabilidad en cada departamento: direcci\u00f3n y organizaci\u00f3n, helpdesk, sistemas inform\u00e1ticos y seguridad TI.<\/p>\n","protected":false},"author":1,"featured_media":0,"parent":0,"menu_order":0,"comment_status":"closed","ping_status":"closed","template":"","meta":{"footnotes":""},"class_list":["post-9","page","type-page","status-publish","hentry"],"_links":{"self":[{"href":"https:\/\/radicaloffice.es\/index.php?rest_route=\/wp\/v2\/pages\/9","targetHints":{"allow":["GET"]}}],"collection":[{"href":"https:\/\/radicaloffice.es\/index.php?rest_route=\/wp\/v2\/pages"}],"about":[{"href":"https:\/\/radicaloffice.es\/index.php?rest_route=\/wp\/v2\/types\/page"}],"author":[{"embeddable":true,"href":"https:\/\/radicaloffice.es\/index.php?rest_route=\/wp\/v2\/users\/1"}],"replies":[{"embeddable":true,"href":"https:\/\/radicaloffice.es\/index.php?rest_route=%2Fwp%2Fv2%2Fcomments&post=9"}],"version-history":[{"count":6,"href":"https:\/\/radicaloffice.es\/index.php?rest_route=\/wp\/v2\/pages\/9\/revisions"}],"predecessor-version":[{"id":1122,"href":"https:\/\/radicaloffice.es\/index.php?rest_route=\/wp\/v2\/pages\/9\/revisions\/1122"}],"wp:attachment":[{"href":"https:\/\/radicaloffice.es\/index.php?rest_route=%2Fwp%2Fv2%2Fmedia&parent=9"}],"curies":[{"name":"wp","href":"https:\/\/api.w.org\/{rel}","templated":true}]}}