{"id":1202,"date":"2025-12-13T13:08:39","date_gmt":"2025-12-13T13:08:39","guid":{"rendered":"https:\/\/radicaloffice.es\/?page_id=1202"},"modified":"2025-12-13T13:08:56","modified_gmt":"2025-12-13T13:08:56","slug":"politica-de-cookies","status":"publish","type":"page","link":"https:\/\/radicaloffice.es\/?page_id=1202","title":{"rendered":"Pol\u00edtica de cookies"},"content":{"rendered":"\t\t<div data-elementor-type=\"wp-page\" data-elementor-id=\"1202\" class=\"elementor elementor-1202\">\n\t\t\t\t<div class=\"elementor-element elementor-element-8e4107e e-flex e-con-boxed wpr-particle-no wpr-jarallax-no wpr-parallax-no wpr-sticky-section-no e-con e-parent\" data-id=\"8e4107e\" data-element_type=\"container\">\n\t\t\t\t\t<div class=\"e-con-inner\">\n\t\t\t\t<div class=\"elementor-element elementor-element-7abb8f5 elementor-widget elementor-widget-text-editor\" data-id=\"7abb8f5\" data-element_type=\"widget\" data-widget_type=\"text-editor.default\">\n\t\t\t\t<div class=\"elementor-widget-container\">\n\t\t\t\t\t\t\t\t\t<header class=\"entry-header \" style=\"color: #333333; font-family: 'Source Sans Pro', Arial, sans-serif; font-size: 15px;\" data-czr-model_id=\"regular_page_heading\" data-czr-template=\"templates\/parts\/content\/singular\/headings\/regular_page_heading\"><div class=\"entry-header-inner\"><h1 class=\"entry-title\" style=\"margin-top: 0px; margin-bottom: 0.3125em; font-size: 2.48832em; color: #303133; line-height: 1.5; text-rendering: optimizelegibility; overflow-wrap: break-word;\">Pol\u00edtica de cookies<\/h1><\/div><\/header><div class=\"post-entry tc-content-inner\" style=\"color: #777777; max-width: 100%; font-family: 'Source Sans Pro', Arial, sans-serif; font-size: 15px;\"><section class=\"post-content entry-content \" style=\"color: #444444; font-size: 1.2em; line-height: 1.55em; margin: 0px 0px 2em;\"><div class=\"czr-wp-the-content\"><p style=\"margin-top: 1.25em; margin-bottom: 1rem; overflow-wrap: break-word;\">El objetivo de esta\u00a0pol\u00edtica es informar a los interesados acerca de las cookies que emplea esta p\u00e1gina web\u00a0 de conformidad con lo establecido en la Ley 34\/2002, de 11 de julio, de Servicios de la Sociedad de la Informaci\u00f3n y de Comercio Electr\u00f3nico, \u00a0y el Reglamento (UE) 2016\/679 del Parlamento Europeo y del Consejo de 27 de abril de 2016.<\/p><ol class=\"wp-block-list\" style=\"margin-right: 0px; margin-left: 0px; list-style: none; padding: 0.5rem 0px 1rem 3rem; counter-reset: item 0;\"><li style=\"line-height: 1.55em; position: relative; padding: 0.25rem 0.5rem;\"><span style=\"font-weight: bold;\">USO DE COOKIES. \u00bfQU\u00c9 SON LAS COOKIES?<\/span><\/li><\/ol><p style=\"margin-top: 1.25em; margin-bottom: 1rem; overflow-wrap: break-word;\">Las cookies son ficheros que se descargan en su Ordenador, Smartphone o Tablet al acceder a determinadas p\u00e1ginas web. La utilizaci\u00f3n de cookies, ofrece numerosas ventajas en la prestaci\u00f3n de servicios de la Sociedad de la Informaci\u00f3n, puesto que, entre otras: (a) facilita la navegaci\u00f3n del usuario en el Sitio Web; (b) facilita al usuario el acceso a los diferentes servicios que ofrece el Sitio Web; (c) evita al usuario volver a configurar caracter\u00edsticas generales predefinidas cada vez que accede al Sitio Web; (d) favorece la mejora del funcionamiento y de los servicios prestados a trav\u00e9s del Sitio Web, tras el correspondiente an\u00e1lisis de la informaci\u00f3n obtenida a trav\u00e9s de las cookies instaladas; (e) permiten a un Sitio Web, entre otras cosas, almacenar y recuperar informaci\u00f3n sobre los h\u00e1bitos de navegaci\u00f3n de un usuario o de su equipo y, dependiendo de la informaci\u00f3n que contengan y de la forma en que utilice su equipo, pueden utilizarse para reconocer al usuario.<\/p><p style=\"margin-top: 1.25em; margin-bottom: 1rem; overflow-wrap: break-word;\">La mayor\u00eda de los navegadores aceptan como est\u00e1ndar a las cookies y, con independencia de las mismas, permiten o impiden en los ajustes de seguridad\u00a0 las cookies temporales o memorizadas.<\/p><p style=\"margin-top: 1.25em; margin-bottom: 1rem; overflow-wrap: break-word;\">Ten en cuenta que para poder utilizar y contar con una mejor experiencia de navegaci\u00f3n,\u00a0<span style=\"font-weight: bold;\">\u00a0<\/span>es necesario que tengas habilitadas las cookies, especialmente aquellas de car\u00e1cter t\u00e9cnico que resultan necesarias para que pueda identificarte como usuario registrado cada vez que accedas a la presente web.<\/p><p style=\"margin-top: 1.25em; margin-bottom: 1rem; overflow-wrap: break-word;\">En caso de no querer recibir cookies, por favor, configure su navegador de internet, para que las borre del disco duro de su ordenador, las bloquee o le avise en su caso de instalaci\u00f3n de las mismas.<\/p><ol class=\"wp-block-list\" style=\"margin-right: 0px; margin-left: 0px; list-style: none; padding: 0.5rem 0px 1rem 3rem; counter-reset: item 0;\" start=\"2\"><li style=\"line-height: 1.55em; position: relative; padding: 0.25rem 0.5rem;\"><span style=\"font-weight: bold;\">\u00bfQU\u00c9 TIPOS DE COOKIES UTILIZA ESTA P\u00c1GINA WEB?<\/span><\/li><\/ol><p style=\"margin-top: 1.25em; margin-bottom: 1rem; overflow-wrap: break-word;\"><span style=\"font-weight: bold;\"><em>Cookies utilizadas en este sitio web.<\/em><\/span><\/p><p style=\"margin-top: 1.25em; margin-bottom: 1rem; overflow-wrap: break-word;\">Siguiendo las directrices de la Agencia Espa\u00f1ola de Protecci\u00f3n de Datos, procedemos a detallar el uso de las\u00a0<em>cookies<\/em>\u00a0que esta p\u00e1gina web emplea, \u00a0con el fin de proporcionarle \u00a0la m\u00e1xima informaci\u00f3n posible. \u00a0<\/p><p style=\"margin-top: 1.25em; margin-bottom: 1rem; overflow-wrap: break-word;\"><span style=\"font-weight: bold;\"><em>Cookies Propias:<\/em><\/span><\/p><p style=\"margin-top: 1.25em; margin-bottom: 1rem; overflow-wrap: break-word;\">Son aquellas que se env\u00edan al equipo terminal del usuario desde un equipo o dominio gestionado por el propio editor y desde el que se presta el servicio solicitado por el usuario.<\/p><p style=\"margin-top: 1.25em; margin-bottom: 1rem; overflow-wrap: break-word;\">CANET BUSINESS SLU no se hace responsable, en ning\u00fan caso ni del contenido ni de la veracidad de las pol\u00edticas y\/o condiciones de uso y privacidad de los terceros, incluidos, a trav\u00e9s de los enlaces, en esta pol\u00edtica.<\/p><ol class=\"wp-block-list\" style=\"margin-right: 0px; margin-left: 0px; list-style: none; padding: 0.5rem 0px 1rem 3rem; counter-reset: item 0;\" start=\"3\"><li style=\"line-height: 1.55em; position: relative; padding: 0.25rem 0.5rem;\"><span style=\"font-weight: bold;\">CONSENTIMIENTO<\/span><\/li><\/ol><p style=\"margin-top: 1.25em; margin-bottom: 1rem; overflow-wrap: break-word;\">En relaci\u00f3n con la utilizaci\u00f3n de cookies de este sitio web, el usuario autoriza y consiente su uso de la siguiente forma:<\/p><p style=\"margin-top: 1.25em; margin-bottom: 1rem; overflow-wrap: break-word;\"><em>Opci\u00f3n uno.-<\/em><em>Cuando el usuario accede a cualquier p\u00e1gina de la web, ver\u00e1 un aviso donde se indica que la p\u00e1gina web de RADICAL OFFICE\u00a0<span style=\"font-weight: bold;\">\u00a0<\/span>utiliza cookies, pudiendo el usuario aceptar o rechazar el uso de las mismas a trav\u00e9s de la configuraci\u00f3n de su navegador.<\/em><em>\u00a0Al hacer click en aceptar, usted acepta el uso de nuestras cookies y en su caso las de los terceros. El panel de configuraci\u00f3n\/privacidad le permite la posibilidad de aceptarlas por tipolog\u00eda.<\/em><\/p><ol class=\"wp-block-list\" style=\"margin-right: 0px; margin-left: 0px; list-style: none; padding: 0.5rem 0px 1rem 3rem; counter-reset: item 0;\" start=\"4\"><li style=\"line-height: 1.55em; position: relative; padding: 0.25rem 0.5rem;\"><span style=\"font-weight: bold;\">C\u00d3MO BLOQUEAR REVOCAR O ELIMINAR LAS COOKIES INSTALADAS<\/span><\/li><\/ol><p style=\"margin-top: 1.25em; margin-bottom: 1rem; overflow-wrap: break-word;\">Puede usted permitir, bloquear, revocar o eliminar las cookies instaladas en su equipo mediante la configuraci\u00f3n de las opciones de su navegador. Puede encontrar informaci\u00f3n sobre c\u00f3mo hacerlo, en relaci\u00f3n con los navegadores m\u00e1s comunes en los links que se incluyen a continuaci\u00f3n:<\/p><p style=\"margin-top: 1.25em; margin-bottom: 1rem; overflow-wrap: break-word;\">Explorer:\u00a0<a style=\"color: #5a5a5a; text-decoration-line: underline; transition: color 0.3s;\" href=\"https:\/\/support.microsoft.com\/es-es\/kb\/278835\">https:\/\/support.microsoft.com\/es-es\/kb\/278835<\/a><\/p><p style=\"margin-top: 1.25em; margin-bottom: 1rem; overflow-wrap: break-word;\">Microsoft Edge<span style=\"font-weight: bold;\">:\u00a0<\/span><a style=\"color: #5a5a5a; text-decoration-line: underline; transition: color 0.3s;\" href=\"https:\/\/privacy.microsoft.com\/es-es\/windows-10-microsoft-edge-and-privacy\">https:\/\/privacy.microsoft.com\/es-es\/windows-10-microsoft-edge-and-privacy<\/a><\/p><p style=\"margin-top: 1.25em; margin-bottom: 1rem; overflow-wrap: break-word;\">Chrome:<a style=\"color: #5a5a5a; text-decoration-line: underline; transition: color 0.3s;\" href=\"http:\/\/support.google.com\/chrome\/bin\/answer.py?hl=es&amp;answer=95647\">https:\/\/support.google.com\/chrome\/answer\/95647?co=GENIE.Platform%3DDesktop&amp;hl=esttp:\/\/support.google.com\/chrome\/bin\/answer.py?hl=es&amp;answer=95647<\/a><\/p><p style=\"margin-top: 1.25em; margin-bottom: 1rem; overflow-wrap: break-word;\">Firefox:\u00a0<a style=\"color: #5a5a5a; text-decoration-line: underline; transition: color 0.3s;\" href=\"http:\/\/support.mozilla.org\/es\/kb\/Borrar%20cookies\">http:\/\/support.mozilla.org\/es\/kb\/Borrar%20cookies<\/a><\/p><p style=\"margin-top: 1.25em; margin-bottom: 1rem; overflow-wrap: break-word;\">Safari:\u00a0<a style=\"color: #5a5a5a; text-decoration-line: underline; transition: color 0.3s;\" href=\"http:\/\/support.apple.com\/kb\/ph5042\">http:\/\/support.apple.com\/kb\/ph5042<\/a>.<\/p><p style=\"margin-top: 1.25em; margin-bottom: 1rem; overflow-wrap: break-word;\">Opera:\u00a0<a style=\"color: #5a5a5a; text-decoration-line: underline; transition: color 0.3s;\" href=\"https:\/\/help.opera.com\/en\/latest\/web-preferences\/#cookies\">https:\/\/help.opera.com\/en\/latest\/web-preferences\/#cookies<\/a><\/p><p style=\"margin-top: 1.25em; margin-bottom: 1rem; overflow-wrap: break-word;\">Le informamos, no obstante, de la posibilidad de que la desactivaci\u00f3n de alguna cookie impida o dificulte la navegaci\u00f3n o la prestaci\u00f3n de los servicios ofrecidos en la p\u00e1gina web.<\/p><p style=\"margin-top: 1.25em; margin-bottom: 1rem; overflow-wrap: break-word;\">Para poder revocar al cookies inicialmente aceptadas, debe hacer click en el bot\u00f3n: \u201crevocar cookies\u00bb.<\/p><ol class=\"wp-block-list\" style=\"margin-right: 0px; margin-left: 0px; list-style: none; padding: 0.5rem 0px 1rem 3rem; counter-reset: item 0;\" start=\"5\"><li style=\"line-height: 1.55em; position: relative; padding: 0.25rem 0.5rem;\"><span style=\"font-weight: bold;\"><em>DESTINATARIOS DE LA INFORMACI\u00d3N<\/em><\/span><\/li><\/ol><p style=\"margin-top: 1.25em; margin-bottom: 1rem; overflow-wrap: break-word;\"><em>Tendr\u00e1n acceso a la informaci\u00f3n obtenida a trav\u00e9s de las cookies del sitio web las empresas colaboradoras detalladas en el Panel de Configuraci\u00f3n, donde podr\u00e1s asimismo consultar las finalidades con las que la utilizan y sus respectivas pol\u00edticas de privacidad.<\/em><\/p><p style=\"margin-top: 1.25em; margin-bottom: 1rem; overflow-wrap: break-word;\"><em>Asimismo, te informamos de que algunos de nuestros proveedores as\u00ed como empresas colaboradoras pueden realizar transferencias a terceros pa\u00edses. Puedes informarte de las transferencias a terceros pa\u00edses que, en su caso, realizan en sus correspondientes pol\u00edticas de privacidad, accesibles a trav\u00e9s de los enlaces facilitados en el Panel de Configuraci\u00f3n.<\/em><\/p><ol class=\"wp-block-list\" style=\"margin-right: 0px; margin-left: 0px; list-style: none; padding: 0.5rem 0px 1rem 3rem; counter-reset: item 0;\" start=\"6\"><li style=\"line-height: 1.55em; position: relative; padding: 0.25rem 0.5rem;\"><span style=\"font-weight: bold;\">MODIFICACIONES\/ ACTUALIZACI\u00d3N<\/span><\/li><\/ol><p style=\"margin-top: 1.25em; margin-bottom: 1rem; overflow-wrap: break-word;\">La presente pol\u00edtica de cookies puede verse modificada\/actualizada en funci\u00f3n de las exigencias legales establecidas o con la finalidad de adaptar dicha pol\u00edtica a las instrucciones dictadas por la Agencia Espa\u00f1ola de Protecci\u00f3n de Datos o cambios en nuestro sitio web.<\/p><p style=\"margin-top: 1.25em; margin-bottom: 1rem; overflow-wrap: break-word;\">Por esta raz\u00f3n, aconsejamos a los usuarios que \u00a0visiten peri\u00f3dicamente nuestra\u00a0 pol\u00edtica de cookies.<\/p><p style=\"margin-top: 1.25em; margin-bottom: 1rem; overflow-wrap: break-word;\">Si tiene dudas acerca de esta pol\u00edtica de cookies, puede contactar con CANET BUSINESS SLU a trav\u00e9s del siguiente correo electr\u00f3nico:\u00a0sales@radicaloffice.net<\/p><\/div><\/section><\/div>\t\t\t\t\t\t\t\t<\/div>\n\t\t\t\t<\/div>\n\t\t\t\t\t<\/div>\n\t\t\t\t<\/div>\n\t\t\t\t<\/div>\n\t\t","protected":false},"excerpt":{"rendered":"<p>Pol\u00edtica de cookies El objetivo de esta\u00a0pol\u00edtica es informar a los interesados acerca de las cookies que emplea esta p\u00e1gina web\u00a0 de conformidad con lo establecido en la Ley 34\/2002, de 11 de julio, de Servicios de la Sociedad de la Informaci\u00f3n y de Comercio Electr\u00f3nico, \u00a0y el Reglamento (UE) 2016\/679 del Parlamento Europeo y del Consejo de 27 de abril de 2016. USO DE COOKIES. \u00bfQU\u00c9 SON LAS COOKIES? Las cookies son ficheros que se descargan en su Ordenador, Smartphone o Tablet al acceder a determinadas p\u00e1ginas web. La utilizaci\u00f3n de cookies, ofrece numerosas ventajas en la prestaci\u00f3n de servicios de la Sociedad de la Informaci\u00f3n, puesto que, entre otras: (a) facilita la navegaci\u00f3n del usuario en el Sitio Web; (b) facilita al usuario el acceso a los diferentes servicios que ofrece el Sitio Web; (c) evita al usuario volver a configurar caracter\u00edsticas generales predefinidas cada vez que accede al Sitio Web; (d) favorece la mejora del funcionamiento y de los servicios prestados a trav\u00e9s del Sitio Web, tras el correspondiente an\u00e1lisis de la informaci\u00f3n obtenida a trav\u00e9s de las cookies instaladas; (e) permiten a un Sitio Web, entre otras cosas, almacenar y recuperar informaci\u00f3n sobre los h\u00e1bitos de navegaci\u00f3n de un usuario o de su equipo y, dependiendo de la informaci\u00f3n que contengan y de la forma en que utilice su equipo, pueden utilizarse para reconocer al usuario. La mayor\u00eda de los navegadores aceptan como est\u00e1ndar a las cookies y, con independencia de las mismas, permiten o impiden en los ajustes de seguridad\u00a0 las cookies temporales o memorizadas. Ten en cuenta que para poder utilizar y contar con una mejor experiencia de navegaci\u00f3n,\u00a0\u00a0es necesario que tengas habilitadas las cookies, especialmente aquellas de car\u00e1cter t\u00e9cnico que resultan necesarias para que pueda identificarte como usuario registrado cada vez que accedas a la presente web. En caso de no querer recibir cookies, por favor, configure su navegador de internet, para que las borre del disco duro de su ordenador, las bloquee o le avise en su caso de instalaci\u00f3n de las mismas. \u00bfQU\u00c9 TIPOS DE COOKIES UTILIZA ESTA P\u00c1GINA WEB? Cookies utilizadas en este sitio web. Siguiendo las directrices de la Agencia Espa\u00f1ola de Protecci\u00f3n de Datos, procedemos a detallar el uso de las\u00a0cookies\u00a0que esta p\u00e1gina web emplea, \u00a0con el fin de proporcionarle \u00a0la m\u00e1xima informaci\u00f3n posible. \u00a0 Cookies Propias: Son aquellas que se env\u00edan al equipo terminal del usuario desde un equipo o dominio gestionado por el propio editor y desde el que se presta el servicio solicitado por el usuario. CANET BUSINESS SLU no se hace responsable, en ning\u00fan caso ni del contenido ni de la veracidad de las pol\u00edticas y\/o condiciones de uso y privacidad de los terceros, incluidos, a trav\u00e9s de los enlaces, en esta pol\u00edtica. CONSENTIMIENTO En relaci\u00f3n con la utilizaci\u00f3n de cookies de este sitio web, el usuario autoriza y consiente su uso de la siguiente forma: Opci\u00f3n uno.-Cuando el usuario accede a cualquier p\u00e1gina de la web, ver\u00e1 un aviso donde se indica que la p\u00e1gina web de RADICAL OFFICE\u00a0\u00a0utiliza cookies, pudiendo el usuario aceptar o rechazar el uso de las mismas a trav\u00e9s de la configuraci\u00f3n de su navegador.\u00a0Al hacer click en aceptar, usted acepta el uso de nuestras cookies y en su caso las de los terceros. El panel de configuraci\u00f3n\/privacidad le permite la posibilidad de aceptarlas por tipolog\u00eda. C\u00d3MO BLOQUEAR REVOCAR O ELIMINAR LAS COOKIES INSTALADAS Puede usted permitir, bloquear, revocar o eliminar las cookies instaladas en su equipo mediante la configuraci\u00f3n de las opciones de su navegador. Puede encontrar informaci\u00f3n sobre c\u00f3mo hacerlo, en relaci\u00f3n con los navegadores m\u00e1s comunes en los links que se incluyen a continuaci\u00f3n: Explorer:\u00a0https:\/\/support.microsoft.com\/es-es\/kb\/278835 Microsoft Edge:\u00a0https:\/\/privacy.microsoft.com\/es-es\/windows-10-microsoft-edge-and-privacy Chrome:https:\/\/support.google.com\/chrome\/answer\/95647?co=GENIE.Platform%3DDesktop&amp;hl=esttp:\/\/support.google.com\/chrome\/bin\/answer.py?hl=es&amp;answer=95647 Firefox:\u00a0http:\/\/support.mozilla.org\/es\/kb\/Borrar%20cookies Safari:\u00a0http:\/\/support.apple.com\/kb\/ph5042. Opera:\u00a0https:\/\/help.opera.com\/en\/latest\/web-preferences\/#cookies Le informamos, no obstante, de la posibilidad de que la desactivaci\u00f3n de alguna cookie impida o dificulte la navegaci\u00f3n o la prestaci\u00f3n de los servicios ofrecidos en la p\u00e1gina web. Para poder revocar al cookies inicialmente aceptadas, debe hacer click en el bot\u00f3n: \u201crevocar cookies\u00bb. DESTINATARIOS DE LA INFORMACI\u00d3N Tendr\u00e1n acceso a la informaci\u00f3n obtenida a trav\u00e9s de las cookies del sitio web las empresas colaboradoras detalladas en el Panel de Configuraci\u00f3n, donde podr\u00e1s asimismo consultar las finalidades con las que la utilizan y sus respectivas pol\u00edticas de privacidad. Asimismo, te informamos de que algunos de nuestros proveedores as\u00ed como empresas colaboradoras pueden realizar transferencias a terceros pa\u00edses. Puedes informarte de las transferencias a terceros pa\u00edses que, en su caso, realizan en sus correspondientes pol\u00edticas de privacidad, accesibles a trav\u00e9s de los enlaces facilitados en el Panel de Configuraci\u00f3n. MODIFICACIONES\/ ACTUALIZACI\u00d3N La presente pol\u00edtica de cookies puede verse modificada\/actualizada en funci\u00f3n de las exigencias legales establecidas o con la finalidad de adaptar dicha pol\u00edtica a las instrucciones dictadas por la Agencia Espa\u00f1ola de Protecci\u00f3n de Datos o cambios en nuestro sitio web. Por esta raz\u00f3n, aconsejamos a los usuarios que \u00a0visiten peri\u00f3dicamente nuestra\u00a0 pol\u00edtica de cookies. Si tiene dudas acerca de esta pol\u00edtica de cookies, puede contactar con CANET BUSINESS SLU a trav\u00e9s del siguiente correo electr\u00f3nico:\u00a0sales@radicaloffice.net<\/p>\n","protected":false},"author":1,"featured_media":0,"parent":0,"menu_order":0,"comment_status":"closed","ping_status":"closed","template":"","meta":{"footnotes":""},"class_list":["post-1202","page","type-page","status-publish","hentry"],"_links":{"self":[{"href":"https:\/\/radicaloffice.es\/index.php?rest_route=\/wp\/v2\/pages\/1202","targetHints":{"allow":["GET"]}}],"collection":[{"href":"https:\/\/radicaloffice.es\/index.php?rest_route=\/wp\/v2\/pages"}],"about":[{"href":"https:\/\/radicaloffice.es\/index.php?rest_route=\/wp\/v2\/types\/page"}],"author":[{"embeddable":true,"href":"https:\/\/radicaloffice.es\/index.php?rest_route=\/wp\/v2\/users\/1"}],"replies":[{"embeddable":true,"href":"https:\/\/radicaloffice.es\/index.php?rest_route=%2Fwp%2Fv2%2Fcomments&post=1202"}],"version-history":[{"count":4,"href":"https:\/\/radicaloffice.es\/index.php?rest_route=\/wp\/v2\/pages\/1202\/revisions"}],"predecessor-version":[{"id":1206,"href":"https:\/\/radicaloffice.es\/index.php?rest_route=\/wp\/v2\/pages\/1202\/revisions\/1206"}],"wp:attachment":[{"href":"https:\/\/radicaloffice.es\/index.php?rest_route=%2Fwp%2Fv2%2Fmedia&parent=1202"}],"curies":[{"name":"wp","href":"https:\/\/api.w.org\/{rel}","templated":true}]}}