{"id":1170,"date":"2025-12-13T12:47:29","date_gmt":"2025-12-13T12:47:29","guid":{"rendered":"https:\/\/radicaloffice.es\/?page_id=1170"},"modified":"2025-12-13T12:47:46","modified_gmt":"2025-12-13T12:47:46","slug":"networking","status":"publish","type":"page","link":"https:\/\/radicaloffice.es\/?page_id=1170","title":{"rendered":"Networking"},"content":{"rendered":"\t\t<div data-elementor-type=\"wp-page\" data-elementor-id=\"1170\" class=\"elementor elementor-1170\">\n\t\t\t\t<div class=\"elementor-element elementor-element-1876d41 e-flex e-con-boxed wpr-particle-no wpr-jarallax-no wpr-parallax-no wpr-sticky-section-no e-con e-parent\" data-id=\"1876d41\" data-element_type=\"container\">\n\t\t\t\t\t<div class=\"e-con-inner\">\n\t\t\t\t<div class=\"elementor-element elementor-element-3c28724 elementor-widget elementor-widget-text-editor\" data-id=\"3c28724\" data-element_type=\"widget\" data-widget_type=\"text-editor.default\">\n\t\t\t\t<div class=\"elementor-widget-container\">\n\t\t\t\t\t\t\t\t\t<header class=\"entry-header \" style=\"color: #333333; font-family: 'Source Sans Pro', Arial, sans-serif; font-size: 15px;\"><div class=\"entry-header-inner\"><h1 class=\"entry-title\" style=\"margin-top: 0px; margin-bottom: 0.3125em; font-size: 2.48832em; color: #303133; line-height: 1.5; text-rendering: optimizelegibility; overflow-wrap: break-word;\">Networking<\/h1><\/div><\/header><div class=\"post-entry tc-content-inner\" style=\"color: #777777; max-width: 100%; font-family: 'Source Sans Pro', Arial, sans-serif; font-size: 15px;\"><section class=\"post-content entry-content \" style=\"counter-reset: footnotes 0; color: #444444; font-size: 1.2em; line-height: 1.55em; margin: 0px 0px 2em;\"><div class=\"czr-wp-the-content\"><p style=\"margin-top: 1.25em; margin-bottom: 1rem; overflow-wrap: break-word;\">Con el Networking identificamos las soluciones de electr\u00f3nica de red que se encargan de aportar a la red de datos corporativa la calidad, control y seguridad que precisan las comunicaciones. Su dise\u00f1o, implantaci\u00f3n y mantenimiento son fundamentales.<\/p><h2 class=\"wp-block-heading\" style=\"margin-top: 1.25em; margin-bottom: 0.5rem; font-size: 2.0736em; color: #303133; line-height: 1.25em; text-rendering: optimizelegibility;\">Las soluciones de networking se basan en aspectos como VPN, Firewall, filtros de contenido, enrutamiento, acceso, ancho de banda, monitorizaci\u00f3n, redundancia<\/h2><p style=\"margin-top: 1.25em; margin-bottom: 1rem; overflow-wrap: break-word;\">Ofrecemos el valor de una red de datos corporativa con las m\u00e1ximas garant\u00edas de calidad. La electr\u00f3nica de red es un elemento importante en redes tradicionales pero totalmente cr\u00edtico en entornos corporativos.<\/p><p style=\"margin-top: 1.25em; margin-bottom: 1rem; overflow-wrap: break-word;\">Damos respuesta a los requerimientos de nuestros clientes trabajando con las siguientes marcas:<\/p><\/div><\/section><\/div>\t\t\t\t\t\t\t\t<\/div>\n\t\t\t\t<\/div>\n\t\t\t\t\t<\/div>\n\t\t\t\t<\/div>\n\t\t\t\t<\/div>\n\t\t","protected":false},"excerpt":{"rendered":"<p>Networking Con el Networking identificamos las soluciones de electr\u00f3nica de red que se encargan de aportar a la red de datos corporativa la calidad, control y seguridad que precisan las comunicaciones. Su dise\u00f1o, implantaci\u00f3n y mantenimiento son fundamentales. Las soluciones de networking se basan en aspectos como VPN, Firewall, filtros de contenido, enrutamiento, acceso, ancho de banda, monitorizaci\u00f3n, redundancia Ofrecemos el valor de una red de datos corporativa con las m\u00e1ximas garant\u00edas de calidad. La electr\u00f3nica de red es un elemento importante en redes tradicionales pero totalmente cr\u00edtico en entornos corporativos. Damos respuesta a los requerimientos de nuestros clientes trabajando con las siguientes marcas:<\/p>\n","protected":false},"author":1,"featured_media":0,"parent":0,"menu_order":0,"comment_status":"closed","ping_status":"closed","template":"","meta":{"footnotes":""},"class_list":["post-1170","page","type-page","status-publish","hentry"],"_links":{"self":[{"href":"https:\/\/radicaloffice.es\/index.php?rest_route=\/wp\/v2\/pages\/1170","targetHints":{"allow":["GET"]}}],"collection":[{"href":"https:\/\/radicaloffice.es\/index.php?rest_route=\/wp\/v2\/pages"}],"about":[{"href":"https:\/\/radicaloffice.es\/index.php?rest_route=\/wp\/v2\/types\/page"}],"author":[{"embeddable":true,"href":"https:\/\/radicaloffice.es\/index.php?rest_route=\/wp\/v2\/users\/1"}],"replies":[{"embeddable":true,"href":"https:\/\/radicaloffice.es\/index.php?rest_route=%2Fwp%2Fv2%2Fcomments&post=1170"}],"version-history":[{"count":4,"href":"https:\/\/radicaloffice.es\/index.php?rest_route=\/wp\/v2\/pages\/1170\/revisions"}],"predecessor-version":[{"id":1174,"href":"https:\/\/radicaloffice.es\/index.php?rest_route=\/wp\/v2\/pages\/1170\/revisions\/1174"}],"wp:attachment":[{"href":"https:\/\/radicaloffice.es\/index.php?rest_route=%2Fwp%2Fv2%2Fmedia&parent=1170"}],"curies":[{"name":"wp","href":"https:\/\/api.w.org\/{rel}","templated":true}]}}