{"id":1152,"date":"2025-12-13T12:43:49","date_gmt":"2025-12-13T12:43:49","guid":{"rendered":"https:\/\/radicaloffice.es\/?page_id=1152"},"modified":"2025-12-13T12:44:12","modified_gmt":"2025-12-13T12:44:12","slug":"correo-electronico","status":"publish","type":"page","link":"https:\/\/radicaloffice.es\/?page_id=1152","title":{"rendered":"Correo electr\u00f3nico"},"content":{"rendered":"\t\t<div data-elementor-type=\"wp-page\" data-elementor-id=\"1152\" class=\"elementor elementor-1152\">\n\t\t\t\t<div class=\"elementor-element elementor-element-4422d72 e-flex e-con-boxed wpr-particle-no wpr-jarallax-no wpr-parallax-no wpr-sticky-section-no e-con e-parent\" data-id=\"4422d72\" data-element_type=\"container\">\n\t\t\t\t\t<div class=\"e-con-inner\">\n\t\t\t\t<div class=\"elementor-element elementor-element-1a4cee8 elementor-widget elementor-widget-text-editor\" data-id=\"1a4cee8\" data-element_type=\"widget\" data-widget_type=\"text-editor.default\">\n\t\t\t\t<div class=\"elementor-widget-container\">\n\t\t\t\t\t\t\t\t\t<header class=\"entry-header \" style=\"color: #333333; font-family: 'Source Sans Pro', Arial, sans-serif; font-size: 15px;\"><div class=\"entry-header-inner\"><h1 class=\"entry-title\" style=\"margin-top: 0px; margin-bottom: 0.3125em; font-size: 2.48832em; color: #303133; line-height: 1.5; text-rendering: optimizelegibility; overflow-wrap: break-word;\">Correo electr\u00f3nico<\/h1><\/div><\/header><div class=\"post-entry tc-content-inner\" style=\"color: #777777; max-width: 100%; font-family: 'Source Sans Pro', Arial, sans-serif; font-size: 15px;\"><section class=\"post-content entry-content \" style=\"counter-reset: footnotes 0; color: #444444; font-size: 1.2em; line-height: 1.55em; margin: 0px 0px 2em;\"><div class=\"czr-wp-the-content\"><h2 id=\"gestionad-el-correo-de-vuestra-empresa-de-forma-segura\" class=\"wp-block-heading\" style=\"margin-top: 1.25em; margin-bottom: 0.5rem; font-size: 2.0736em; color: #303133; line-height: 1.25em; text-rendering: optimizelegibility;\">Gestionad el correo de vuestra empresa de forma segura<\/h2><p style=\"margin-top: 1.25em; margin-bottom: 1rem; overflow-wrap: break-word;\"><span style=\"font-weight: bold;\">Os proporcionamos una herramienta imprescindible, mucho m\u00e1s que un email<\/span><\/p><ul class=\"wp-block-list\" style=\"margin-right: 0px; margin-left: 0px; list-style: outside square; padding: 0.5rem 0px 1rem 3rem;\"><li style=\"line-height: 1.55em; padding: 0.25rem 0.5rem;\"><span style=\"font-weight: bold;\">Enviad correos electr\u00f3nicos con vuestro dominio<\/span>, por una imagen profesional:\u00a0<span style=\"font-weight: bold;\">nombre@tudominio.com<\/span><\/li><li style=\"line-height: 1.55em; padding: 0.25rem 0.5rem;\">Organizad la agenda con las\u00a0<span style=\"font-weight: bold;\">reuniones programadas<\/span>\u00a0e invitad a vuestros\u00a0<span style=\"font-weight: bold;\">contactos\u00a0<\/span>a\u00a0<span style=\"font-weight: bold;\">compartir\u00a0<\/span>una reuni\u00f3n<\/li><li style=\"line-height: 1.55em; padding: 0.25rem 0.5rem;\"><span style=\"font-weight: bold;\">Gestionad\u00a0<\/span>todos vuestros\u00a0<span style=\"font-weight: bold;\">contactos\u00a0<\/span>de una forma\u00a0<span style=\"font-weight: bold;\">centralizada<\/span>, teni\u00e9ndolos todos bajo control y\u00a0<span style=\"font-weight: bold;\">siempre a mano<\/span><\/li><li style=\"line-height: 1.55em; padding: 0.25rem 0.5rem;\">Protecci\u00f3n antivirus y anti-spam de vuestro correo y archivos compartidos<\/li><li style=\"line-height: 1.55em; padding: 0.25rem 0.5rem;\">Editad vuestros\u00a0<span style=\"font-weight: bold;\">documentos\u00a0<\/span><span style=\"font-weight: bold;\">colaborativamente<\/span>, y\u00a0<span style=\"font-weight: bold;\">compartidlos\u00a0<\/span>con vuestros\u00a0<span style=\"font-weight: bold;\">colaboradores<\/span><\/li><li style=\"line-height: 1.55em; padding: 0.25rem 0.5rem;\"><span style=\"font-weight: bold;\">Guardad vuestros documentos en la nube<\/span>, para tenerlos en un lugar seguro y\u00a0<span style=\"font-weight: bold;\">siempre accesible<\/span>\u00a0desde cualquier dispositivo<\/li><\/ul><p style=\"margin-top: 1.25em; margin-bottom: 1rem; overflow-wrap: break-word;\"><span style=\"font-weight: bold;\">Obt\u00e9n tu dominio personalizado<\/span>, pulsando sobre la imagen.<\/p><div class=\"wp-block-image\"><figure class=\"aligncenter size-large is-resized\" style=\"margin-right: auto; margin-left: auto; display: table; text-align: center;\"><a class=\"\" style=\"color: #5a5a5a; text-decoration-line: underline; transition: color 0.3s; display: inline-block;\" href=\"https:\/\/clientes.sered.net\/aff.php?aff=10193\" target=\"_blank\" rel=\"noopener\"><img decoding=\"async\" class=\"wp-image-149 tc-smart-loaded\" style=\"vertical-align: bottom;\" src=\"https:\/\/silver-peafowl-520888.hostingersite.com\/wp-content\/uploads\/2021\/06\/web-design-1327873_1280-1-1024x586.png\" sizes=\"(max-width: 256px) 100vw, 256px\" srcset=\"https:\/\/silver-peafowl-520888.hostingersite.com\/wp-content\/uploads\/2021\/06\/web-design-1327873_1280-1-1024x586.png 1024w, https:\/\/silver-peafowl-520888.hostingersite.com\/wp-content\/uploads\/2021\/06\/web-design-1327873_1280-1-600x343.png 600w, https:\/\/silver-peafowl-520888.hostingersite.com\/wp-content\/uploads\/2021\/06\/web-design-1327873_1280-1-300x172.png 300w, https:\/\/silver-peafowl-520888.hostingersite.com\/wp-content\/uploads\/2021\/06\/web-design-1327873_1280-1-768x439.png 768w, https:\/\/silver-peafowl-520888.hostingersite.com\/wp-content\/uploads\/2021\/06\/web-design-1327873_1280-1-570x326.png 570w, https:\/\/silver-peafowl-520888.hostingersite.com\/wp-content\/uploads\/2021\/06\/web-design-1327873_1280-1.png 1280w\" alt=\"\" width=\"256\" height=\"147\" \/><\/a><\/figure><\/div><div class=\"wp-block-spacer\" style=\"clear: both; height: 100px;\" aria-hidden=\"true\">\u00a0<\/div><div class=\"wp-block-image\"><figure class=\"aligncenter size-full\" style=\"margin-right: auto; margin-left: auto; display: table; text-align: center;\"><a class=\"\" style=\"color: #5a5a5a; text-decoration-line: underline; transition: color 0.3s; display: inline-block;\" href=\"https:\/\/referworkspace.app.goo.gl\/ZVd7\" target=\"_blank\" rel=\"noopener\"><img fetchpriority=\"high\" decoding=\"async\" class=\"wp-image-263 tc-smart-loaded\" style=\"vertical-align: bottom;\" src=\"https:\/\/silver-peafowl-520888.hostingersite.com\/wp-content\/uploads\/2022\/02\/gworkspace.png\" alt=\"\" width=\"299\" height=\"168\" \/><\/a><\/figure><\/div><h1 id=\"google-workspace-hace-que-el-trabajo-en-equipo-sea-mucho-mas-facil\" class=\"wp-block-heading\" style=\"margin-top: 1.25em; margin-bottom: 0.5rem; font-size: 2.48832em; color: #303133; line-height: 1.25em; text-rendering: optimizelegibility;\">Google\u00a0Workspace hace que el trabajo en equipo sea mucho m\u00e1s f\u00e1cil.<\/h1><h2 id=\"toma-decisiones-mas-rapido-y-cara-a-cara\" class=\"wp-block-heading\" style=\"margin-top: 1.25em; margin-bottom: 0.5rem; font-size: 2.0736em; color: #303133; line-height: 1.25em; text-rendering: optimizelegibility;\">Toma decisiones m\u00e1s r\u00e1pido y cara a cara.<\/h2><p style=\"margin-top: 1.25em; margin-bottom: 1rem; overflow-wrap: break-word;\">Usa\u00a0<a style=\"color: #5a5a5a; text-decoration-line: underline; transition: color 0.3s;\" href=\"https:\/\/referworkspace.app.goo.gl\/ZVd7\" target=\"_blank\" rel=\"noreferrer noopener\">calendarios<\/a>\u00a0compartidos para saber cu\u00e1ndo est\u00e1n libres los dem\u00e1s y programa reuniones con invitaciones autom\u00e1ticas por\u00a0<a style=\"color: #5a5a5a; text-decoration-line: underline; transition: color 0.3s;\" href=\"https:\/\/referworkspace.app.goo.gl\/ZVd7\" target=\"_blank\" rel=\"noreferrer noopener\">correo electr\u00f3nico.<\/a><\/p><p style=\"margin-top: 1.25em; margin-bottom: 1rem; overflow-wrap: break-word;\">Con un solo clic, convierte tu reuni\u00f3n en una\u00a0<a style=\"color: #5a5a5a; text-decoration-line: underline; transition: color 0.3s;\" href=\"https:\/\/referworkspace.app.goo.gl\/ZVd7\" target=\"_blank\" rel=\"noreferrer noopener\">videoconferencia<\/a>\u00a0desde cualquier ordenador, tel\u00e9fono o tablet con c\u00e1mara.<\/p><p style=\"margin-top: 1.25em; margin-bottom: 1rem; overflow-wrap: break-word;\">Comparte tu pantalla para revisar el trabajo en equipo y toma decisiones sobre la marcha.<\/p><div class=\"wp-block-image\"><figure class=\"aligncenter size-large\" style=\"margin-right: auto; margin-left: auto; display: table; text-align: center;\"><img decoding=\"async\" class=\"wp-image-261 tc-smart-loaded\" style=\"vertical-align: bottom;\" src=\"https:\/\/silver-peafowl-520888.hostingersite.com\/wp-content\/uploads\/2022\/02\/equipo-1024x738.png\" sizes=\"auto, (max-width: 1024px) 100vw, 1024px\" srcset=\"https:\/\/silver-peafowl-520888.hostingersite.com\/wp-content\/uploads\/2022\/02\/equipo-1024x738.png 1024w, https:\/\/silver-peafowl-520888.hostingersite.com\/wp-content\/uploads\/2022\/02\/equipo-600x432.png 600w, https:\/\/silver-peafowl-520888.hostingersite.com\/wp-content\/uploads\/2022\/02\/equipo-300x216.png 300w, https:\/\/silver-peafowl-520888.hostingersite.com\/wp-content\/uploads\/2022\/02\/equipo-768x553.png 768w, https:\/\/silver-peafowl-520888.hostingersite.com\/wp-content\/uploads\/2022\/02\/equipo-570x411.png 570w, https:\/\/silver-peafowl-520888.hostingersite.com\/wp-content\/uploads\/2022\/02\/equipo.png 1160w\" alt=\"\" width=\"1024\" height=\"738\" \/><\/figure><\/div><h2 id=\"colabora-en-tiempo-real\" class=\"wp-block-heading\" style=\"margin-top: 1.25em; margin-bottom: 0.5rem; font-size: 2.0736em; color: #303133; line-height: 1.25em; text-rendering: optimizelegibility;\">Colabora en tiempo real.<\/h2><p style=\"margin-top: 1.25em; margin-bottom: 1rem; overflow-wrap: break-word;\">Trabaja f\u00e1cilmente en\u00a0documentos,\u00a0hojas de c\u00e1lculo\u00a0y\u00a0presentaciones\u00a0en todos los dispositivos, con o sin conexi\u00f3n a Internet.<\/p><p style=\"margin-top: 1.25em; margin-bottom: 1rem; overflow-wrap: break-word;\">Trabaja en un mismo documento con tus compa\u00f1eros de equipo o con personas ajenas a tu empresa. Visualiza de forma instant\u00e1nea los cambios que introducen los dem\u00e1s, comun\u00edcate con ellos a trav\u00e9s del chat integrado y a\u00f1ade comentarios con tus preguntas.<\/p><p style=\"margin-top: 1.25em; margin-bottom: 1rem; overflow-wrap: break-word;\">Pueden trabajar varias personas al mismo tiempo en un archivo y todos los cambios se guardan de forma autom\u00e1tica.<\/p><h2 id=\"almacena-y-comparte-archivos-en-la-nube\" class=\"wp-block-heading\" style=\"margin-top: 1.25em; margin-bottom: 0.5rem; font-size: 2.0736em; color: #303133; line-height: 1.25em; text-rendering: optimizelegibility;\">Almacena y comparte archivos en la nube.<\/h2><p style=\"margin-top: 1.25em; margin-bottom: 1rem; overflow-wrap: break-word;\">Guarda todo el trabajo en un solo lugar con acceso seguro desde tu ordenador, tel\u00e9fono o tablet.<\/p><p style=\"margin-top: 1.25em; margin-bottom: 1rem; overflow-wrap: break-word;\">Invita r\u00e1pidamente a cualquier persona para que vea y descargue cualquier archivo y pueda trabajar en \u00e9l, sin necesidad de enviarlo como un documento adjunto por correo electr\u00f3nico.<\/p><p style=\"margin-top: 1.25em; margin-bottom: 1rem; overflow-wrap: break-word;\">Las actualizaciones de los archivos se guardan y almacenan autom\u00e1ticamente en\u00a0Drive, de forma que todos tengan siempre acceso a la \u00faltima versi\u00f3n.<\/p><div class=\"wp-block-image\"><figure class=\"aligncenter size-large\" style=\"margin-right: auto; margin-left: auto; display: table; text-align: center;\"><img loading=\"lazy\" decoding=\"async\" class=\"wp-image-264 tc-smart-loaded\" style=\"vertical-align: bottom;\" src=\"https:\/\/silver-peafowl-520888.hostingersite.com\/wp-content\/uploads\/2022\/02\/colaborar-1024x742.png\" sizes=\"auto, (max-width: 1024px) 100vw, 1024px\" srcset=\"https:\/\/silver-peafowl-520888.hostingersite.com\/wp-content\/uploads\/2022\/02\/colaborar-1024x742.png 1024w, https:\/\/silver-peafowl-520888.hostingersite.com\/wp-content\/uploads\/2022\/02\/colaborar-600x435.png 600w, https:\/\/silver-peafowl-520888.hostingersite.com\/wp-content\/uploads\/2022\/02\/colaborar-300x218.png 300w, https:\/\/silver-peafowl-520888.hostingersite.com\/wp-content\/uploads\/2022\/02\/colaborar-768x557.png 768w, https:\/\/silver-peafowl-520888.hostingersite.com\/wp-content\/uploads\/2022\/02\/colaborar-570x413.png 570w, https:\/\/silver-peafowl-520888.hostingersite.com\/wp-content\/uploads\/2022\/02\/colaborar.png 1200w\" alt=\"\" width=\"1024\" height=\"742\" \/><\/figure><\/div><h2 id=\"protege-tus-datos-y-dispositivos\" class=\"wp-block-heading\" style=\"margin-top: 1.25em; margin-bottom: 0.5rem; font-size: 2.0736em; color: #303133; line-height: 1.25em; text-rendering: optimizelegibility;\">Protege tus datos y dispositivos<\/h2><p style=\"margin-top: 1.25em; margin-bottom: 1rem; overflow-wrap: break-word;\">Protege los datos de tu empresa con opciones de seguridad como la verificaci\u00f3n en dos pasos o el inicio de sesi\u00f3n \u00fanico, y usa la\u00a0gesti\u00f3n de puntos de conexi\u00f3n\u00a0para mantener los datos a salvo en caso de p\u00e9rdida de un dispositivo o cambios en la plantilla de empleados.<\/p><p style=\"margin-top: 1.25em; margin-bottom: 1rem; overflow-wrap: break-word;\">Archiva\u00a0mensajes de correo electr\u00f3nico y chats con el registro habilitado, y controla durante cu\u00e1nto tiempo se conservar\u00e1n.<\/p><p style=\"margin-top: 1.25em; margin-bottom: 1rem; overflow-wrap: break-word;\">Define f\u00e1cilmente la configuraci\u00f3n de seguridad de forma centralizada desde la\u00a0consola de\u00a0<a style=\"color: #5a5a5a; text-decoration-line: underline; transition: color 0.3s;\" href=\"https:\/\/referworkspace.app.goo.gl\/ZVd7\" target=\"_blank\" rel=\"noreferrer noopener\">administraci\u00f3n<\/a>, y llama o env\u00eda un\u00a0<a style=\"color: #5a5a5a; text-decoration-line: underline; transition: color 0.3s;\" href=\"https:\/\/referworkspace.app.goo.gl\/ZVd7\" target=\"_blank\" rel=\"noreferrer noopener\">correo electr\u00f3nico<\/a>\u00a0al departamento de asistencia de Google para obtener ayuda las 24\u00a0horas del d\u00eda.<\/p><h2 id=\"comunicate-de-forma-mas-eficiente-con-voice\" class=\"wp-block-heading\" style=\"margin-top: 1.25em; margin-bottom: 0.5rem; font-size: 2.0736em; color: #303133; line-height: 1.25em; text-rendering: optimizelegibility;\">Comun\u00edcate de forma m\u00e1s eficiente con Voice.<\/h2><p style=\"margin-top: 1.25em; margin-bottom: 1rem; overflow-wrap: break-word;\">Voice simplifica las comunicaciones de tu empresa.<\/p><p style=\"margin-top: 1.25em; margin-bottom: 1rem; overflow-wrap: break-word;\">Realiza y recibe llamadas con un n\u00famero de tel\u00e9fono del trabajo desde cualquier dispositivo, est\u00e9s donde est\u00e9s.<\/p><p style=\"margin-top: 1.25em; margin-bottom: 1rem; overflow-wrap: break-word;\">Consigue transcripciones precisas del buz\u00f3n de voz y filtros de spam avanzados gracias a la inteligencia artificial de Google.<\/p><p style=\"margin-top: 1.25em; margin-bottom: 1rem; overflow-wrap: break-word;\">Asigna n\u00fameros y gestiona el servicio y la facturaci\u00f3n a trav\u00e9s de una sola plataforma.<\/p><p style=\"margin-top: 1.25em; margin-bottom: 1rem; overflow-wrap: break-word;\"><small style=\"font-size: 0.833333em;\">Voice es un complemento de Google\u00a0Workspace y se vende por separado.<\/small><\/p><\/div><\/section><\/div>\t\t\t\t\t\t\t\t<\/div>\n\t\t\t\t<\/div>\n\t\t\t\t\t<\/div>\n\t\t\t\t<\/div>\n\t\t\t\t<\/div>\n\t\t","protected":false},"excerpt":{"rendered":"<p>Correo electr\u00f3nico Gestionad el correo de vuestra empresa de forma segura Os proporcionamos una herramienta imprescindible, mucho m\u00e1s que un email Enviad correos electr\u00f3nicos con vuestro dominio, por una imagen profesional:\u00a0nombre@tudominio.com Organizad la agenda con las\u00a0reuniones programadas\u00a0e invitad a vuestros\u00a0contactos\u00a0a\u00a0compartir\u00a0una reuni\u00f3n Gestionad\u00a0todos vuestros\u00a0contactos\u00a0de una forma\u00a0centralizada, teni\u00e9ndolos todos bajo control y\u00a0siempre a mano Protecci\u00f3n antivirus y anti-spam de vuestro correo y archivos compartidos Editad vuestros\u00a0documentos\u00a0colaborativamente, y\u00a0compartidlos\u00a0con vuestros\u00a0colaboradores Guardad vuestros documentos en la nube, para tenerlos en un lugar seguro y\u00a0siempre accesible\u00a0desde cualquier dispositivo Obt\u00e9n tu dominio personalizado, pulsando sobre la imagen. \u00a0 Google\u00a0Workspace hace que el trabajo en equipo sea mucho m\u00e1s f\u00e1cil. Toma decisiones m\u00e1s r\u00e1pido y cara a cara. Usa\u00a0calendarios\u00a0compartidos para saber cu\u00e1ndo est\u00e1n libres los dem\u00e1s y programa reuniones con invitaciones autom\u00e1ticas por\u00a0correo electr\u00f3nico. Con un solo clic, convierte tu reuni\u00f3n en una\u00a0videoconferencia\u00a0desde cualquier ordenador, tel\u00e9fono o tablet con c\u00e1mara. Comparte tu pantalla para revisar el trabajo en equipo y toma decisiones sobre la marcha. Colabora en tiempo real. Trabaja f\u00e1cilmente en\u00a0documentos,\u00a0hojas de c\u00e1lculo\u00a0y\u00a0presentaciones\u00a0en todos los dispositivos, con o sin conexi\u00f3n a Internet. Trabaja en un mismo documento con tus compa\u00f1eros de equipo o con personas ajenas a tu empresa. Visualiza de forma instant\u00e1nea los cambios que introducen los dem\u00e1s, comun\u00edcate con ellos a trav\u00e9s del chat integrado y a\u00f1ade comentarios con tus preguntas. Pueden trabajar varias personas al mismo tiempo en un archivo y todos los cambios se guardan de forma autom\u00e1tica. Almacena y comparte archivos en la nube. Guarda todo el trabajo en un solo lugar con acceso seguro desde tu ordenador, tel\u00e9fono o tablet. Invita r\u00e1pidamente a cualquier persona para que vea y descargue cualquier archivo y pueda trabajar en \u00e9l, sin necesidad de enviarlo como un documento adjunto por correo electr\u00f3nico. Las actualizaciones de los archivos se guardan y almacenan autom\u00e1ticamente en\u00a0Drive, de forma que todos tengan siempre acceso a la \u00faltima versi\u00f3n. Protege tus datos y dispositivos Protege los datos de tu empresa con opciones de seguridad como la verificaci\u00f3n en dos pasos o el inicio de sesi\u00f3n \u00fanico, y usa la\u00a0gesti\u00f3n de puntos de conexi\u00f3n\u00a0para mantener los datos a salvo en caso de p\u00e9rdida de un dispositivo o cambios en la plantilla de empleados. Archiva\u00a0mensajes de correo electr\u00f3nico y chats con el registro habilitado, y controla durante cu\u00e1nto tiempo se conservar\u00e1n. Define f\u00e1cilmente la configuraci\u00f3n de seguridad de forma centralizada desde la\u00a0consola de\u00a0administraci\u00f3n, y llama o env\u00eda un\u00a0correo electr\u00f3nico\u00a0al departamento de asistencia de Google para obtener ayuda las 24\u00a0horas del d\u00eda. Comun\u00edcate de forma m\u00e1s eficiente con Voice. Voice simplifica las comunicaciones de tu empresa. Realiza y recibe llamadas con un n\u00famero de tel\u00e9fono del trabajo desde cualquier dispositivo, est\u00e9s donde est\u00e9s. Consigue transcripciones precisas del buz\u00f3n de voz y filtros de spam avanzados gracias a la inteligencia artificial de Google. Asigna n\u00fameros y gestiona el servicio y la facturaci\u00f3n a trav\u00e9s de una sola plataforma. Voice es un complemento de Google\u00a0Workspace y se vende por separado.<\/p>\n","protected":false},"author":1,"featured_media":0,"parent":0,"menu_order":0,"comment_status":"closed","ping_status":"closed","template":"","meta":{"footnotes":""},"class_list":["post-1152","page","type-page","status-publish","hentry"],"_links":{"self":[{"href":"https:\/\/radicaloffice.es\/index.php?rest_route=\/wp\/v2\/pages\/1152","targetHints":{"allow":["GET"]}}],"collection":[{"href":"https:\/\/radicaloffice.es\/index.php?rest_route=\/wp\/v2\/pages"}],"about":[{"href":"https:\/\/radicaloffice.es\/index.php?rest_route=\/wp\/v2\/types\/page"}],"author":[{"embeddable":true,"href":"https:\/\/radicaloffice.es\/index.php?rest_route=\/wp\/v2\/users\/1"}],"replies":[{"embeddable":true,"href":"https:\/\/radicaloffice.es\/index.php?rest_route=%2Fwp%2Fv2%2Fcomments&post=1152"}],"version-history":[{"count":4,"href":"https:\/\/radicaloffice.es\/index.php?rest_route=\/wp\/v2\/pages\/1152\/revisions"}],"predecessor-version":[{"id":1156,"href":"https:\/\/radicaloffice.es\/index.php?rest_route=\/wp\/v2\/pages\/1152\/revisions\/1156"}],"wp:attachment":[{"href":"https:\/\/radicaloffice.es\/index.php?rest_route=%2Fwp%2Fv2%2Fmedia&parent=1152"}],"curies":[{"name":"wp","href":"https:\/\/api.w.org\/{rel}","templated":true}]}}