{"id":1146,"date":"2025-12-13T12:41:40","date_gmt":"2025-12-13T12:41:40","guid":{"rendered":"https:\/\/radicaloffice.es\/?page_id=1146"},"modified":"2025-12-13T12:42:27","modified_gmt":"2025-12-13T12:42:27","slug":"cloud","status":"publish","type":"page","link":"https:\/\/radicaloffice.es\/?page_id=1146","title":{"rendered":"Cloud"},"content":{"rendered":"\t\t<div data-elementor-type=\"wp-page\" data-elementor-id=\"1146\" class=\"elementor elementor-1146\">\n\t\t\t\t<div class=\"elementor-element elementor-element-844036a e-flex e-con-boxed wpr-particle-no wpr-jarallax-no wpr-parallax-no wpr-sticky-section-no e-con e-parent\" data-id=\"844036a\" data-element_type=\"container\">\n\t\t\t\t\t<div class=\"e-con-inner\">\n\t\t\t\t<div class=\"elementor-element elementor-element-d64e608 elementor-widget elementor-widget-text-editor\" data-id=\"d64e608\" data-element_type=\"widget\" data-widget_type=\"text-editor.default\">\n\t\t\t\t<div class=\"elementor-widget-container\">\n\t\t\t\t\t\t\t\t\t<header style=\"color: #333333; font-family: 'Source Sans Pro', Arial, sans-serif; font-size: 15px;\"><div><h1 style=\"margin-top: 0px; margin-bottom: 0.3125em; font-size: 2.48832em; color: #303133; line-height: 1.5; text-rendering: optimizelegibility; overflow-wrap: break-word;\">Cloud<\/h1><\/div><\/header><div style=\"color: #777777; max-width: 100%; font-family: 'Source Sans Pro', Arial, sans-serif; font-size: 15px;\"><section style=\"counter-reset: footnotes 0; color: #444444; font-size: 1.2em; line-height: 1.55em; margin: 0px 0px 2em;\"><h4 style=\"margin-top: 1.25em; margin-bottom: 0.5rem; font-size: 1.44em; color: #303133; line-height: 1.25em; text-rendering: optimizelegibility;\">Disp\u00f3n de tus datos cuando y donde sea, con las m\u00e1ximas garant\u00edas en rapidez y seguridad<\/h4><h2 style=\"margin-top: 1.25em; margin-bottom: 0.5rem; font-size: 2.0736em; color: #303133; line-height: 1.25em; text-rendering: optimizelegibility;\">\u00bfQu\u00e9 es un servidor cloud?<\/h2><p style=\"margin-top: 1.25em; margin-bottom: 1rem; overflow-wrap: break-word;\">Un servidor cloud es una potente infraestructura virtual o f\u00edsica que almacena y procesa informaci\u00f3n y aplicaciones.Los servidores cloud se crean utilizando software de virtualizaci\u00f3n para dividir un servidor f\u00edsico en m\u00faltiples servidores virtuales.<\/p><ul style=\"margin-right: 0px; margin-left: 0px; list-style: outside square; padding: 0.5rem 0px 1rem 3rem;\"><li style=\"line-height: 1.55em; padding: 0.25rem 0.5rem;\">365 d\u00edas 24 horas<\/li><li style=\"line-height: 1.55em; padding: 0.25rem 0.5rem;\">M\u00e1xima rapidez y flexibilidad<\/li><li style=\"line-height: 1.55em; padding: 0.25rem 0.5rem;\">Protegidos por firewall<\/li><li style=\"line-height: 1.55em; padding: 0.25rem 0.5rem;\">Disponibilidad 99,99%<\/li><li style=\"line-height: 1.55em; padding: 0.25rem 0.5rem;\">Ahorro de costes<\/li><\/ul><h2 style=\"margin-top: 1.25em; margin-bottom: 0.5rem; font-size: 2.0736em; color: #303133; line-height: 1.25em; text-rendering: optimizelegibility;\">Ventajas<\/h2><ul style=\"margin-right: 0px; margin-left: 0px; list-style: outside square; padding: 0.5rem 0px 1rem 3rem;\"><li style=\"line-height: 1.55em; padding: 0.25rem 0.5rem;\"><span style=\"font-weight: bold;\">Independencia<\/span>\u00a0del hardware.<\/li><li style=\"line-height: 1.55em; padding: 0.25rem 0.5rem;\"><span style=\"font-weight: bold;\">Garant\u00eda<\/span>\u00a0del\u00a0<span style=\"font-weight: bold;\">funcionamiento<\/span>, incluso ante fallos f\u00edsicos.<\/li><li style=\"line-height: 1.55em; padding: 0.25rem 0.5rem;\"><span style=\"font-weight: bold;\">Disponibilidad<\/span>\u00a0donde tengas internet.<\/li><li style=\"line-height: 1.55em; padding: 0.25rem 0.5rem;\">Seguro:\u00a0<span style=\"font-weight: bold;\">conexi\u00f3n<\/span>\u00a0por VPN\u00a0<span style=\"font-weight: bold;\">encriptada<\/span>.<\/li><li style=\"line-height: 1.55em; padding: 0.25rem 0.5rem;\"><span style=\"font-weight: bold;\">Escalabilidad<\/span>\u00a0de recursos: adapta el hardware a lo que necesites\u00a0<span style=\"font-weight: bold;\">en cada momento<\/span>.<\/li><li style=\"line-height: 1.55em; padding: 0.25rem 0.5rem;\">Con\u00a0<span style=\"font-weight: bold;\">backup<\/span>\u00a0de los datos: tus\u00a0<span style=\"font-weight: bold;\">datos protegidos<\/span>\u00a0y olv\u00eddate de problemas y p\u00e9rdidas de\u00a0<span style=\"font-weight: bold;\">informaci\u00f3n<\/span>.<\/li><li style=\"line-height: 1.55em; padding: 0.25rem 0.5rem;\"><span style=\"font-weight: bold;\">Discos SSD o HHD<\/span>.<\/li><li style=\"line-height: 1.55em; padding: 0.25rem 0.5rem;\"><span style=\"font-weight: bold;\">Tr\u00e1fico ilimitado<\/span>.<\/li><li style=\"line-height: 1.55em; padding: 0.25rem 0.5rem;\">Datacenter\u00a0<span style=\"font-weight: bold;\">propio<\/span>, no de terceros.<\/li><li style=\"line-height: 1.55em; padding: 0.25rem 0.5rem;\">Servicio por parte de nuestros\u00a0<span style=\"font-weight: bold;\">t\u00e9cnicos \u00e1ltamente cualificados.<\/span><\/li><li style=\"line-height: 1.55em; padding: 0.25rem 0.5rem;\"><span style=\"font-weight: bold;\">Georedundancia<\/span>.<\/li><li style=\"line-height: 1.55em; padding: 0.25rem 0.5rem;\"><span style=\"font-weight: bold;\">Redimensiona<\/span>\u00a0tus servidores.<\/li><li style=\"line-height: 1.55em; padding: 0.25rem 0.5rem;\">Sistemas operativos:\u00a0<span style=\"font-weight: bold;\">Windows server, Linux Ubuntu o Debian<\/span>.<\/li><li style=\"line-height: 1.55em; padding: 0.25rem 0.5rem;\">Centro de datos<span style=\"font-weight: bold;\">\u00a0Espa\u00f1a e Italia<\/span>.<\/li><li style=\"line-height: 1.55em; padding: 0.25rem 0.5rem;\">Cumple con la\u00a0<span style=\"font-weight: bold;\">LOPD<\/span>\u00a0y la\u00a0<span style=\"font-weight: bold;\">RGPD<\/span>.<\/li><li style=\"line-height: 1.55em; padding: 0.25rem 0.5rem;\">Siempre disponible en una\u00a0<span style=\"font-weight: bold;\">plataforma redundada<\/span><\/li><li style=\"line-height: 1.55em; padding: 0.25rem 0.5rem;\"><span style=\"font-weight: bold;\">Red privada individual<\/span>\u00a0para que puedas conectar tus\u00a0<span style=\"font-weight: bold;\">servidores<\/span>\u00a0entre si.<\/li><\/ul><figure style=\"margin-bottom: 1rem; text-align: center;\"><img fetchpriority=\"high\" decoding=\"async\" style=\"vertical-align: bottom;\" src=\"https:\/\/silver-peafowl-520888.hostingersite.com\/wp-content\/uploads\/2021\/05\/VPS_Radical_Office.png\" sizes=\"(max-width: 867px) 100vw, 867px\" srcset=\"https:\/\/silver-peafowl-520888.hostingersite.com\/wp-content\/uploads\/2021\/05\/VPS_Radical_Office.png 867w, https:\/\/silver-peafowl-520888.hostingersite.com\/wp-content\/uploads\/2021\/05\/VPS_Radical_Office-600x369.png 600w, https:\/\/silver-peafowl-520888.hostingersite.com\/wp-content\/uploads\/2021\/05\/VPS_Radical_Office-300x184.png 300w, https:\/\/silver-peafowl-520888.hostingersite.com\/wp-content\/uploads\/2021\/05\/VPS_Radical_Office-768x472.png 768w, https:\/\/silver-peafowl-520888.hostingersite.com\/wp-content\/uploads\/2021\/05\/VPS_Radical_Office-570x350.png 570w\" alt=\"\" width=\"867\" height=\"533\" \/><\/figure><figure style=\"margin-bottom: 1rem; text-align: center;\"><\/figure><div><div style=\"position: relative; display: inline-block; width: 1110px; min-height: 35px; min-width: 200px; font-size: 0px; height: 158px; transition: 0.2s ease-in-out;\" data-paypal-smart-button-version=\"5.0.520\"><p><iframe style=\"position: absolute; top: 0px; left: 0px; width: 1110px; height: 158px; z-index: 100; opacity: 1; background-color: transparent; visibility: visible !important;\" title=\"PayPal\" scrolling=\"no\"><\/iframe><\/p><div style=\"position: absolute; z-index: 300; top: 0px; left: 0px; width: 1110px;\">\u00a0<\/div><div>\u00a0<\/div><\/div><\/div><h2 style=\"margin-top: 1.25em; margin-bottom: 0.5rem; font-size: 2.0736em; color: #303133; line-height: 1.25em; text-rendering: optimizelegibility; text-align: center;\">Sistemas operativos y aplicaciones<\/h2><p style=\"margin-top: 1.25em; margin-bottom: 1rem; overflow-wrap: break-word; text-align: center;\">Disponibilidad de decenas de plantillas preconfiguradas, entre las cuales:<\/p><div><figure style=\"margin-right: auto; margin-left: auto; display: table; text-align: center;\"><img decoding=\"async\" style=\"vertical-align: bottom;\" src=\"https:\/\/silver-peafowl-520888.hostingersite.com\/wp-content\/uploads\/2021\/05\/Aplicaciones-1024x220.png\" sizes=\"auto, (max-width: 1024px) 100vw, 1024px\" srcset=\"https:\/\/silver-peafowl-520888.hostingersite.com\/wp-content\/uploads\/2021\/05\/Aplicaciones-1024x220.png 1024w, https:\/\/silver-peafowl-520888.hostingersite.com\/wp-content\/uploads\/2021\/05\/Aplicaciones-600x129.png 600w, https:\/\/silver-peafowl-520888.hostingersite.com\/wp-content\/uploads\/2021\/05\/Aplicaciones-300x64.png 300w, https:\/\/silver-peafowl-520888.hostingersite.com\/wp-content\/uploads\/2021\/05\/Aplicaciones-768x165.png 768w, https:\/\/silver-peafowl-520888.hostingersite.com\/wp-content\/uploads\/2021\/05\/Aplicaciones-570x123.png 570w, https:\/\/silver-peafowl-520888.hostingersite.com\/wp-content\/uploads\/2021\/05\/Aplicaciones.png 1349w\" alt=\"\" width=\"1024\" height=\"220\" \/><\/figure><\/div><\/section><\/div>\t\t\t\t\t\t\t\t<\/div>\n\t\t\t\t<\/div>\n\t\t\t\t\t<\/div>\n\t\t\t\t<\/div>\n\t\t\t\t<\/div>\n\t\t","protected":false},"excerpt":{"rendered":"<p>Cloud Disp\u00f3n de tus datos cuando y donde sea, con las m\u00e1ximas garant\u00edas en rapidez y seguridad \u00bfQu\u00e9 es un servidor cloud? Un servidor cloud es una potente infraestructura virtual o f\u00edsica que almacena y procesa informaci\u00f3n y aplicaciones.Los servidores cloud se crean utilizando software de virtualizaci\u00f3n para dividir un servidor f\u00edsico en m\u00faltiples servidores virtuales. 365 d\u00edas 24 horas M\u00e1xima rapidez y flexibilidad Protegidos por firewall Disponibilidad 99,99% Ahorro de costes Ventajas Independencia\u00a0del hardware. Garant\u00eda\u00a0del\u00a0funcionamiento, incluso ante fallos f\u00edsicos. Disponibilidad\u00a0donde tengas internet. Seguro:\u00a0conexi\u00f3n\u00a0por VPN\u00a0encriptada. Escalabilidad\u00a0de recursos: adapta el hardware a lo que necesites\u00a0en cada momento. Con\u00a0backup\u00a0de los datos: tus\u00a0datos protegidos\u00a0y olv\u00eddate de problemas y p\u00e9rdidas de\u00a0informaci\u00f3n. Discos SSD o HHD. Tr\u00e1fico ilimitado. Datacenter\u00a0propio, no de terceros. Servicio por parte de nuestros\u00a0t\u00e9cnicos \u00e1ltamente cualificados. Georedundancia. Redimensiona\u00a0tus servidores. Sistemas operativos:\u00a0Windows server, Linux Ubuntu o Debian. Centro de datos\u00a0Espa\u00f1a e Italia. Cumple con la\u00a0LOPD\u00a0y la\u00a0RGPD. Siempre disponible en una\u00a0plataforma redundada Red privada individual\u00a0para que puedas conectar tus\u00a0servidores\u00a0entre si. \u00a0\u00a0 Sistemas operativos y aplicaciones Disponibilidad de decenas de plantillas preconfiguradas, entre las cuales:<\/p>\n","protected":false},"author":1,"featured_media":0,"parent":0,"menu_order":0,"comment_status":"closed","ping_status":"closed","template":"","meta":{"footnotes":""},"class_list":["post-1146","page","type-page","status-publish","hentry"],"_links":{"self":[{"href":"https:\/\/radicaloffice.es\/index.php?rest_route=\/wp\/v2\/pages\/1146","targetHints":{"allow":["GET"]}}],"collection":[{"href":"https:\/\/radicaloffice.es\/index.php?rest_route=\/wp\/v2\/pages"}],"about":[{"href":"https:\/\/radicaloffice.es\/index.php?rest_route=\/wp\/v2\/types\/page"}],"author":[{"embeddable":true,"href":"https:\/\/radicaloffice.es\/index.php?rest_route=\/wp\/v2\/users\/1"}],"replies":[{"embeddable":true,"href":"https:\/\/radicaloffice.es\/index.php?rest_route=%2Fwp%2Fv2%2Fcomments&post=1146"}],"version-history":[{"count":4,"href":"https:\/\/radicaloffice.es\/index.php?rest_route=\/wp\/v2\/pages\/1146\/revisions"}],"predecessor-version":[{"id":1150,"href":"https:\/\/radicaloffice.es\/index.php?rest_route=\/wp\/v2\/pages\/1146\/revisions\/1150"}],"wp:attachment":[{"href":"https:\/\/radicaloffice.es\/index.php?rest_route=%2Fwp%2Fv2%2Fmedia&parent=1146"}],"curies":[{"name":"wp","href":"https:\/\/api.w.org\/{rel}","templated":true}]}}