{"id":1108,"date":"2024-04-05T15:12:25","date_gmt":"2024-04-05T15:12:25","guid":{"rendered":"https:\/\/radicaloffice.es\/?page_id=1108"},"modified":"2025-12-13T12:21:19","modified_gmt":"2025-12-13T12:21:19","slug":"infraestructura-fisica","status":"publish","type":"page","link":"https:\/\/radicaloffice.es\/?page_id=1108","title":{"rendered":"Infraestructura f\u00edsica"},"content":{"rendered":"\t\t<div data-elementor-type=\"wp-page\" data-elementor-id=\"1108\" class=\"elementor elementor-1108\">\n\t\t\t\t<div class=\"elementor-element elementor-element-1eb8f738 e-flex e-con-boxed wpr-particle-no wpr-jarallax-no wpr-parallax-no wpr-sticky-section-no e-con e-parent\" data-id=\"1eb8f738\" data-element_type=\"container\">\n\t\t\t\t\t<div class=\"e-con-inner\">\n\t\t\t\t<div class=\"elementor-element elementor-element-2701208d elementor-widget elementor-widget-text-editor\" data-id=\"2701208d\" data-element_type=\"widget\" data-widget_type=\"text-editor.default\">\n\t\t\t\t<div class=\"elementor-widget-container\">\n\t\t\t\t\t\t\t\t\t\n<p>En Radical Office somos especialistas en la implantaci\u00f3n y gesti\u00f3n de infraestructuras de servidores y cabinas de alta disponibilidad en casa del cliente, apostando siempre por entornos virtualizados y con los m\u00e1ximos est\u00e1ndares de calidad y seguridad.<\/p>\n\n<h2 class=\"wp-block-heading\">\u00bfPor qu\u00e9 un entorno f\u00edsico en casa del cliente?<\/h2>\n\n<p>Disponer de un entorno de servidores y cabinas en el CPD del cliente proporciona un entorno dedicado de altas prestaciones, con la rapidez y control que ello conlleva, as\u00ed como tener un control total sobre la infraestructura. En Radical Office apostamos por entornos de alta disponibilidad, de la mano de los principales fabricantes de hardware, entornos de virtualizaci\u00f3n y backup, as\u00ed como de las estrategias de dise\u00f1o y ciberseguridad apropiadas a cada entorno. Todo ello, por supuesto, compaginado con la mejor infraestructura de red y protecci\u00f3n del entorno mediante SAIs y\/o generadores.<\/p>\n\n<blockquote class=\"wp-block-quote is-layout-flow wp-block-quote-is-layout-flow\">\n<p><strong><em>Dotamos a las organizaciones de infraestructuras tecnol\u00f3gicas robustas, fiables, seguras y de \u00faltima generaci\u00f3n.<\/em><\/strong><\/p>\n<\/blockquote>\n\n<h2 class=\"wp-block-heading\">Consultor\u00eda, auditor\u00eda y dise\u00f1o<\/h2>\n\n<p>Nuestro equipo multidisciplinario os acompa\u00f1ar\u00e1 durante toda la fase de implantaci\u00f3n, gesti\u00f3n y motorizaci\u00f3n de vuestra infraestructura para asegurar la continuidad del negocio.<\/p>\n\n<p>Confiad en\u00a0<strong>Radical Office<\/strong>\u00a0para:<\/p>\n\n<ul class=\"wp-block-list\">\n<li>Dise\u00f1o y implantaci\u00f3n de entornos altamente disponibles<\/li>\n\n<li>La administraci\u00f3n de los recurso IT de vuestra organizaci\u00f3n<\/li>\n\n<li>Migraci\u00f3n a nuevos entornos m\u00e1s estables<\/li>\n\n<li>Gesti\u00f3n proactiva y continuidad de la infraestructura IT<\/li>\n\n<li>Creaci\u00f3n, administraci\u00f3n, gesti\u00f3n de pol\u00edticas y optimizaci\u00f3n del Directorio Activo (Active Directory)<\/li>\n<\/ul>\n\n<h2 class=\"wp-block-heading\">Virtualizaci\u00f3n On Premise<\/h2>\n\n<p>Nuestros ingenieros de infraestructura, con amplia experiencia y certificados por los principales fabricantes, son expertos en virtualizaci\u00f3n de todo tipo de infraestructuras, por lo que conseguir\u00e9is los beneficios en cuanto a independencia del hardware, escalabilidad y reducci\u00f3n de costes que la virtualizaci\u00f3n conlleva a tu organizaci\u00f3n, sin obviar en ning\u00fan momento la seguridad de vuestra informaci\u00f3n y continuidad del negocio.<\/p>\n\n<p>Confiad en\u00a0<strong>Radical Office<\/strong>\u00a0para la visualizaci\u00f3n de:<\/p>\n\n<ul class=\"wp-block-list\">\n<li><img decoding=\"async\" class=\"\" src=\"https:\/\/www.vunkers.com\/wp-content\/uploads\/2017\/05\/virt_serv.jpg\" width=\"124\" height=\"88\" \/>Virtualizaci\u00f3n de servidores<\/li>\n\n<li><img decoding=\"async\" class=\"\" src=\"https:\/\/www.vunkers.com\/wp-content\/uploads\/2017\/05\/virt_hd.jpg\" width=\"83\" height=\"59\" \/>Virtualizaci\u00f3n de almacenamiento<\/li>\n\n<li><img decoding=\"async\" class=\"\" src=\"https:\/\/www.vunkers.com\/wp-content\/uploads\/2017\/05\/virt_app.jpg\" width=\"100\" height=\"71\" \/>Virtualizaci\u00f3n de aplicaciones<\/li>\n\n<li><img loading=\"lazy\" decoding=\"async\" class=\"\" src=\"https:\/\/www.vunkers.com\/wp-content\/uploads\/2017\/05\/virt_fw.jpg\" width=\"107\" height=\"76\" \/>Virtualizaci\u00f3n de firewalls<\/li>\n<\/ul>\n\n<h2 class=\"wp-block-heading\">Gesti\u00f3n de Bases de Datos (DB Management)<\/h2>\n\n<p>Los ingenieros de\u00a0<strong>Radical Office<\/strong>, expertos en el dise\u00f1o, implantaci\u00f3n y migraci\u00f3n de Bases de Datos, administrar\u00e1n, monitorizar\u00e1n y os ayudar\u00e1n en la gesti\u00f3n y optimizaci\u00f3n de las Bases de Datos de vuestra organizaci\u00f3n.<\/p>\n\n<p>Confiad en\u00a0<strong>Radical Office<\/strong>\u00a0para:<\/p>\n\n<ul class=\"wp-block-list\">\n<li>Upgrade de versiones<\/li>\n\n<li>Aplicaci\u00f3n de parches<\/li>\n\n<li>Migraci\u00f3n de datos entre versiones<\/li>\n\n<li>Migraci\u00f3n de datos entre distintas plataformas<\/li>\n\n<li>An\u00e1lisis y optimizaci\u00f3n del rendimiento<\/li>\n\n<li>Dise\u00f1o de clusters<\/li>\n\n<li>Clonaciones y r\u00e9plicas de Bases de Datos<\/li>\n<\/ul>\n\n<h2 class=\"wp-block-heading\">Partners tecnol\u00f3gicos<\/h2>\n\n<p>Radical Office apuesta por\u00a0LENOVO,\u00a0HP\u00a0y\u00a0SYNOLOGY\u00a0para la infraestructura de servidores f\u00edsicos y\u00a0cabinas de almacenaje<br \/>Por\u00a0VMWARE,\u00a0<strong>HYPER-V<\/strong>\u00a0como plataformas de virtualizaci\u00f3n<\/p>\n\n<figure class=\"wp-block-image\"><img decoding=\"async\" class=\"wp-image-68\" src=\"https:\/\/www.radicaloffice.net\/wp-content\/uploads\/2021\/01\/vm-micro.png\" alt=\"\" \/><\/figure>\n\n<p>Por\u00a0\u00a0VEEAM\u00a0y\u00a0SYNOLOGY\u00a0como entornos de backup<\/p>\n\n<figure class=\"wp-block-image\"><img decoding=\"async\" class=\"wp-image-66\" src=\"https:\/\/www.radicaloffice.net\/wp-content\/uploads\/2021\/01\/veeam.png\" alt=\"\" \/><\/figure>\n\n<p><br \/>Por\u00a0<strong>Microsoft<\/strong>,\u00a0<strong>Ubuntu<\/strong>,\u00a0<strong>Centos OS<\/strong>\u00a0y\u00a0<strong>RedHat<\/strong>\u00a0como sistemas operativos<\/p>\n\t\t\t\t\t\t\t\t<\/div>\n\t\t\t\t<\/div>\n\t\t\t\t\t<\/div>\n\t\t\t\t<\/div>\n\t\t\t\t<\/div>\n\t\t","protected":false},"excerpt":{"rendered":"<p>En Radical Office somos especialistas en la implantaci\u00f3n y gesti\u00f3n de infraestructuras de servidores y cabinas de alta disponibilidad en casa del cliente, apostando siempre por entornos virtualizados y con los m\u00e1ximos est\u00e1ndares de calidad y seguridad. \u00bfPor qu\u00e9 un entorno f\u00edsico en casa del cliente? Disponer de un entorno de servidores y cabinas en el CPD del cliente proporciona un entorno dedicado de altas prestaciones, con la rapidez y control que ello conlleva, as\u00ed como tener un control total sobre la infraestructura. En Radical Office apostamos por entornos de alta disponibilidad, de la mano de los principales fabricantes de hardware, entornos de virtualizaci\u00f3n y backup, as\u00ed como de las estrategias de dise\u00f1o y ciberseguridad apropiadas a cada entorno. Todo ello, por supuesto, compaginado con la mejor infraestructura de red y protecci\u00f3n del entorno mediante SAIs y\/o generadores. Dotamos a las organizaciones de infraestructuras tecnol\u00f3gicas robustas, fiables, seguras y de \u00faltima generaci\u00f3n. Consultor\u00eda, auditor\u00eda y dise\u00f1o Nuestro equipo multidisciplinario os acompa\u00f1ar\u00e1 durante toda la fase de implantaci\u00f3n, gesti\u00f3n y motorizaci\u00f3n de vuestra infraestructura para asegurar la continuidad del negocio. Confiad en\u00a0Radical Office\u00a0para: Virtualizaci\u00f3n On Premise Nuestros ingenieros de infraestructura, con amplia experiencia y certificados por los principales fabricantes, son expertos en virtualizaci\u00f3n de todo tipo de infraestructuras, por lo que conseguir\u00e9is los beneficios en cuanto a independencia del hardware, escalabilidad y reducci\u00f3n de costes que la virtualizaci\u00f3n conlleva a tu organizaci\u00f3n, sin obviar en ning\u00fan momento la seguridad de vuestra informaci\u00f3n y continuidad del negocio. Confiad en\u00a0Radical Office\u00a0para la visualizaci\u00f3n de: Gesti\u00f3n de Bases de Datos (DB Management) Los ingenieros de\u00a0Radical Office, expertos en el dise\u00f1o, implantaci\u00f3n y migraci\u00f3n de Bases de Datos, administrar\u00e1n, monitorizar\u00e1n y os ayudar\u00e1n en la gesti\u00f3n y optimizaci\u00f3n de las Bases de Datos de vuestra organizaci\u00f3n. Confiad en\u00a0Radical Office\u00a0para: Partners tecnol\u00f3gicos Radical Office apuesta por\u00a0LENOVO,\u00a0HP\u00a0y\u00a0SYNOLOGY\u00a0para la infraestructura de servidores f\u00edsicos y\u00a0cabinas de almacenajePor\u00a0VMWARE,\u00a0HYPER-V\u00a0como plataformas de virtualizaci\u00f3n Por\u00a0\u00a0VEEAM\u00a0y\u00a0SYNOLOGY\u00a0como entornos de backup Por\u00a0Microsoft,\u00a0Ubuntu,\u00a0Centos OS\u00a0y\u00a0RedHat\u00a0como sistemas operativos<\/p>\n","protected":false},"author":1,"featured_media":0,"parent":0,"menu_order":0,"comment_status":"closed","ping_status":"closed","template":"","meta":{"footnotes":""},"class_list":["post-1108","page","type-page","status-publish","hentry"],"_links":{"self":[{"href":"https:\/\/radicaloffice.es\/index.php?rest_route=\/wp\/v2\/pages\/1108","targetHints":{"allow":["GET"]}}],"collection":[{"href":"https:\/\/radicaloffice.es\/index.php?rest_route=\/wp\/v2\/pages"}],"about":[{"href":"https:\/\/radicaloffice.es\/index.php?rest_route=\/wp\/v2\/types\/page"}],"author":[{"embeddable":true,"href":"https:\/\/radicaloffice.es\/index.php?rest_route=\/wp\/v2\/users\/1"}],"replies":[{"embeddable":true,"href":"https:\/\/radicaloffice.es\/index.php?rest_route=%2Fwp%2Fv2%2Fcomments&post=1108"}],"version-history":[{"count":7,"href":"https:\/\/radicaloffice.es\/index.php?rest_route=\/wp\/v2\/pages\/1108\/revisions"}],"predecessor-version":[{"id":1117,"href":"https:\/\/radicaloffice.es\/index.php?rest_route=\/wp\/v2\/pages\/1108\/revisions\/1117"}],"wp:attachment":[{"href":"https:\/\/radicaloffice.es\/index.php?rest_route=%2Fwp%2Fv2%2Fmedia&parent=1108"}],"curies":[{"name":"wp","href":"https:\/\/api.w.org\/{rel}","templated":true}]}}