{"id":1106,"date":"2024-04-05T15:11:09","date_gmt":"2024-04-05T15:11:09","guid":{"rendered":"https:\/\/radicaloffice.es\/?page_id=1106"},"modified":"2024-04-05T15:11:09","modified_gmt":"2024-04-05T15:11:09","slug":"outsourcing","status":"publish","type":"page","link":"https:\/\/radicaloffice.es\/?page_id=1106","title":{"rendered":"Outsourcing"},"content":{"rendered":"\n<p>Outsourcing es llevar el mantenimiento de servidores al siguiente nivel, a la vez que dejar los equipos en un funcionamiento correcto y securizarlos<\/p>\n\n\n\n<p>El Outsourcing asigna a uno o varios t\u00e9cnicos para que lleven de forma integral toda la infraestructura de IT, analizando los funcionamientos, proponiendo mejoras y realizando estudios generales para que no s\u00f3lo funcionen bien, sino que tambi\u00e9n los Servicios de la Informaci\u00f3n crezcan junto con la empresa.<\/p>\n\n\n\n<p><strong>Equipos de trabajo especializados para centros educativos.<\/strong><\/p>\n","protected":false},"excerpt":{"rendered":"<p>Outsourcing es llevar el mantenimiento de servidores al siguiente nivel, a la vez que dejar los equipos en un funcionamiento correcto y securizarlos El Outsourcing asigna a uno o varios t\u00e9cnicos para que lleven de forma integral toda la infraestructura de IT, analizando los funcionamientos, proponiendo mejoras y realizando estudios generales para que no s\u00f3lo funcionen bien, sino que tambi\u00e9n los Servicios de la Informaci\u00f3n crezcan junto con la empresa. Equipos de trabajo especializados para centros educativos.<\/p>\n","protected":false},"author":1,"featured_media":0,"parent":0,"menu_order":0,"comment_status":"closed","ping_status":"closed","template":"","meta":{"footnotes":""},"class_list":["post-1106","page","type-page","status-publish","hentry"],"_links":{"self":[{"href":"https:\/\/radicaloffice.es\/index.php?rest_route=\/wp\/v2\/pages\/1106","targetHints":{"allow":["GET"]}}],"collection":[{"href":"https:\/\/radicaloffice.es\/index.php?rest_route=\/wp\/v2\/pages"}],"about":[{"href":"https:\/\/radicaloffice.es\/index.php?rest_route=\/wp\/v2\/types\/page"}],"author":[{"embeddable":true,"href":"https:\/\/radicaloffice.es\/index.php?rest_route=\/wp\/v2\/users\/1"}],"replies":[{"embeddable":true,"href":"https:\/\/radicaloffice.es\/index.php?rest_route=%2Fwp%2Fv2%2Fcomments&post=1106"}],"version-history":[{"count":1,"href":"https:\/\/radicaloffice.es\/index.php?rest_route=\/wp\/v2\/pages\/1106\/revisions"}],"predecessor-version":[{"id":1107,"href":"https:\/\/radicaloffice.es\/index.php?rest_route=\/wp\/v2\/pages\/1106\/revisions\/1107"}],"wp:attachment":[{"href":"https:\/\/radicaloffice.es\/index.php?rest_route=%2Fwp%2Fv2%2Fmedia&parent=1106"}],"curies":[{"name":"wp","href":"https:\/\/api.w.org\/{rel}","templated":true}]}}